{"id":37026,"date":"2018-04-27T00:00:02","date_gmt":"2018-04-26T22:00:02","guid":{"rendered":"https:\/\/www.autosmari.com\/test\/autos-mari\/"},"modified":"2024-08-20T10:56:14","modified_gmt":"2024-08-20T08:56:14","slug":"autos-mari","status":"publish","type":"page","link":"https:\/\/www.autosmari.com\/de\/autos-mari\/","title":{"rendered":"Autos Mar\u00ed"},"content":{"rendered":"<p>[vc_section full_width=&#8220;stretch_row&#8220;][vc_row full_width=&#8220;stretch_row&#8220; bg_type=&#8220;bg_color&#8220; bg_color_value=&#8220;#0a3a6a&#8220;][vc_column width=&#8220;1\/2&#8243;][vc_empty_space height=&#8220;50px&#8220;][vc_raw_html]JTNDZGl2JTIwY2xhc3MlM0QlMjJpZnJhbWUlMjIlM0UlMEElM0NoMyUyMHN0eWxlJTNEJTIyY29sb3IlM0ElMjByZ2IlMjgyNTUlMkMyNTUlMkMyNTUlMjklMjIlM0VXJUMzJUE0aGxlJTIwdW5kJTIwcmVzZXJ2aWVyZSUyMGRlaW4lMjBGYWhyemV1ZyUzQyUyRmgzJTNFJTBBJTNDb2JqZWN0JTIwd2lkdGglM0QlMjIxMDAlMjUlMjIlMjBoZWlnaHQlM0QlMjI0MzAlMjIlMjBzdHlsZSUzRCUyMmJhY2tncm91bmQtY29sb3IlM0ElMjByZ2IlMjgyNTUlMkMyNTUlMkMyNTUlMjklM0IlMjBvdmVyZmxvdyUzQSUyMGhpZGRlbiUzQiUyMG9wYWNpdHklM0ElMjAwLjklM0IlMjIlMjBkYXRhJTNEJTIyaHR0cHMlM0ElMkYlMkZyZXNlcnZhcy5hdXRvc21hcmkuY29tJTJGJTNGc2VhcmNoJTNEMSUyNmlkaW9tYSUzRGRlJTIyJTIwdHlwZSUzRCUyMnRleHQlMkZodG1sJTIyJTNFJTBBJTIwJTIwJTNDZW1iZWQlMjBzcmMlM0QlMjJodHRwcyUzQSUyRiUyRnJlc2VydmFzLmF1dG9zbWFyaS5jb20lMkYlM0ZzZWFyY2glM0QxJTI2aWRpb21hJTNEZGUlMjIlMjB3aWR0aCUzRCUyMjI3MHB4JTIyJTIwaGVpZ2h0JTNEJTIyNDE1cHglMjIlM0UlM0MlMkZlbWJlZCUzRSUwQSUzQyUyRm9iamVjdCUzRSUwQSUzQyUyRmRpdiUzRSUwQQ==[\/vc_raw_html][vc_empty_space height=&#8220;50px&#8220;][\/vc_column][vc_column width=&#8220;1\/2&#8243;][vc_empty_space height=&#8220;75px&#8220;][vc_column_text]<\/p>\n<h1><span style=\"color: #ffffff;\">Autos Mar\u00ed, <strong><span style=\"color: #ffffff;\"><a style=\"color: #ffffff;\" href=\"https:\/\/www.autosmari.com\/de\/\">Autovermietung auf Ibiza<\/a><\/span>. Reservieren Sie Ihr Auto auf Ibiza, ohne \u00dcberraschungen.<\/strong><\/span><\/h1>\n<p>[\/vc_column_text][vc_empty_space][\/vc_column][\/vc_row][\/vc_section][vc_row content_placement=&#8220;top&#8220; type=&#8220;vc_default&#8220; el_id=&#8220;about&#8220; css=&#8220;.vc_custom_1501059079815{padding-top: 90px !important;padding-bottom: 50px !important;}&#8220;][vc_column css=&#8220;.vc_custom_1501163010954{padding-bottom: 50px !important;}&#8220; offset=&#8220;vc_col-lg-6 vc_col-md-8&#8243;][vc_column_text css=&#8220;.vc_custom_1528992157648{margin-bottom: 30px !important;}&#8220;]<\/p>\n<h4>Autos Mar\u00ed ist ein Auto-, Motorrad- und Lieferwagenverleih, der im Jahr 1971 gegr\u00fcndet wurde. .<\/h4>\n<p>Zurzeit verf\u00fcgen wir \u00fcber eine moderne Flotte von Mietwagen, die wir \u00fcber unsere <strong>Filialen: Cala Llonga, Siesta, Santa Eulalia, Cascada, S&#8217;argamassa, Portinatx und Playa d&#8217;en Bossa, sowie vom Flughafen aus verleihen.<\/strong>[\/vc_column_text][vc_text_separator title=&#8220;Gro\u00dfe Auswahl an Fahrzeugen&#8220; title_align=&#8220;separator_align_left&#8220; color=&#8220;blue&#8220; style=&#8220;dashed&#8220;][vc_empty_space height=&#8220;22px&#8220;][vc_column_text css=&#8220;.vc_custom_1528992322104{margin-bottom: 30px !important;}&#8220;]Unsere Flotte von Mietwagen besteht aus Fahrzeugen jeden Typs. Von Kleinwagen, wie einem Fiat Panda oder Fiat 500 Cabriolet, bis hin zu gro\u00dfen Gel\u00e4ndewagen, wie einem Jeep Wrangler, \u00fcber Minivans mit 7 oder 9 Sitzl\u00e4tzen oder alle m\u00f6glichen Mietwagentypen mit Automatikschaltung.<\/p>\n<p>Eine weitere gute M\u00f6glichkeit, Ibiza kennenzulernen, ist \u00fcber die Anmietung eines Motorrads.<\/p>\n<p>Daf\u00fcr bietet Ihnen in Autos Mar\u00ed eine gro\u00dfe Auswahl an Motorrollern mit verschiedenen Kapazit\u00e4ten.<\/p>\n<p>Autos Mar\u00ed bietet auch Industriefahrzeuge aller Art f\u00fcr Profis. Unsere Fahrzeugflotte wird regelm\u00e4\u00dfig erneuert, um eine hohe Zufriedenheit unserer Kunden zu gew\u00e4hrleisten. Bei Autos Mar\u00ed versuchen wir, ein Vertrauensverh\u00e4ltnis mit unseren Kunden aufzubauen, indem wir einen transparenten, dynamischen und hochwertigen Service bieten.[\/vc_column_text][vc_text_separator title=&#8220;Fahrzeuglieferung&#8220; title_align=&#8220;separator_align_left&#8220; color=&#8220;blue&#8220; style=&#8220;dashed&#8220;][vc_empty_space height=&#8220;22px&#8220;][vc_column_text css=&#8220;.vc_custom_1528992355845{margin-bottom: 30px !important;}&#8220;]Dank unserer Autovermietung am Flughafen Ibiza k\u00f6nnen Sie Ihren Aufenthalt auf dieser \u00fcppigen Insel in v\u00f6lliger Freiheit genie\u00dfen, ohne Einschr\u00e4nkungen oder Zeitpl\u00e4ne.<\/p>\n<p><strong>Wir \u00fcbergeben Ihnen Ihren Mietwagen direkt am Flughafen, ohne Vermittlungen oder Transfers jeglicher Art. <\/strong><\/p>\n<p>Wir k\u00f6nnen das Fahrzeug in einer unserer Filialen auf Ibiza ausliefern, in Ihrem Hotel oder Ihrer Ferienwohnung. All dies, damit unsere Kunden ihren Urlaub voll genie\u00dfen k\u00f6nnen.[\/vc_column_text]<style type=\"text\/css\" data-type=\"the7_shortcodes-inline-css\">#default-btn-efe1871984a68a14d286e68705403b6d.ico-right-side > i {\n  margin-right: 0px;\n  margin-left: 8px;\n}\n#default-btn-efe1871984a68a14d286e68705403b6d > i {\n  margin-right: 8px;\n}\n#default-btn-efe1871984a68a14d286e68705403b6d * {\n  vertical-align: middle;\n}\n<\/style><a href=\"http:\/\/reservas.autosmari.com\/\" class=\"default-btn-shortcode dt-btn dt-btn-m link-hover-off btn-inline-left  vc_custom_1528992540520\" target=\"_blank\" id=\"default-btn-efe1871984a68a14d286e68705403b6d\" rel=\"noopener\"><span>BUCHEN SIE JETZT<\/span><\/a><style type=\"text\/css\" data-type=\"the7_shortcodes-inline-css\">#default-btn-0c24c63651c9c34e37a4328fdbb0744d.ico-right-side > i {\n  margin-right: 0px;\n  margin-left: 8px;\n}\n#default-btn-0c24c63651c9c34e37a4328fdbb0744d > i {\n  margin-right: 8px;\n}\n#default-btn-0c24c63651c9c34e37a4328fdbb0744d * {\n  vertical-align: middle;\n}\n<\/style><a href=\"https:\/\/www.autosmari.com\/test\/contacto\/\" class=\"default-btn-shortcode dt-btn dt-btn-m link-hover-off btn-inline-left  vc_custom_1528992551539\" id=\"default-btn-0c24c63651c9c34e37a4328fdbb0744d\"><span>KONTAKT<\/span><\/a>[vc_empty_space height=&#8220;22px&#8220;][\/vc_column][vc_column width=&#8220;2\/3&#8243; offset=&#8220;vc_col-lg-offset-0 vc_col-lg-6 vc_col-md-offset-0 vc_col-md-4 vc_col-sm-offset-2 vc_col-xs-offset-2 vc_col-xs-8&#8243;]<style type=\"text\/css\" data-type=\"the7_shortcodes-inline-css\">.carousel-shortcode.carousel-shortcode-id-7e1ee009601d352cdc8abba4200e46e0 .owl-nav a {\n  width: 36px;\n  height: 36px;\n  border-radius: 0px;\n}\n.dt-arrow-border-on.carousel-shortcode.carousel-shortcode-id-7e1ee009601d352cdc8abba4200e46e0 .owl-nav a:not(:hover):before {\n  border-width: 0px;\n}\n.dt-arrow-hover-border-on.carousel-shortcode.carousel-shortcode-id-7e1ee009601d352cdc8abba4200e46e0 .owl-nav a:hover:after {\n  border-width: 0px;\n}\n.carousel-shortcode.carousel-shortcode-id-7e1ee009601d352cdc8abba4200e46e0 .owl-nav a.owl-prev {\n  top: 50%;\n  transform: translateY(calc(-50% + 0px));\n  left: 0px;\n}\n@media all and (-ms-high-contrast: none) {\n  .carousel-shortcode.carousel-shortcode-id-7e1ee009601d352cdc8abba4200e46e0 .owl-nav a.owl-prev {\n    transform: translateY(-50%);\n    margin-top: 0px;\n  }\n}\n.carousel-shortcode.carousel-shortcode-id-7e1ee009601d352cdc8abba4200e46e0 .owl-nav a.owl-prev i {\n  padding: 0px 0px 0px 0px;\n}\n.carousel-shortcode.carousel-shortcode-id-7e1ee009601d352cdc8abba4200e46e0 .owl-nav a.owl-next {\n  top: 50%;\n  transform: translateY(calc(-50% + 0px));\n  right: 0px;\n}\n@media all and (-ms-high-contrast: none) {\n  .carousel-shortcode.carousel-shortcode-id-7e1ee009601d352cdc8abba4200e46e0 .owl-nav a.owl-next {\n    transform: translateY(-50%);\n    margin-top: 0px;\n  }\n}\n.carousel-shortcode.carousel-shortcode-id-7e1ee009601d352cdc8abba4200e46e0 .owl-nav a.owl-next i {\n  padding: 0px 0px 0px 0px;\n}\n.carousel-shortcode.carousel-shortcode-id-7e1ee009601d352cdc8abba4200e46e0 .owl-nav i {\n  font-size: 18px;\n}\n.carousel-shortcode.carousel-shortcode-id-7e1ee009601d352cdc8abba4200e46e0 .owl-nav a:not(:hover) i,\n.carousel-shortcode.carousel-shortcode-id-7e1ee009601d352cdc8abba4200e46e0 .owl-nav a:not(:hover) i:before {\n  color: #ffffff;\n  background: none;\n}\n.carousel-shortcode.carousel-shortcode-id-7e1ee009601d352cdc8abba4200e46e0 .owl-nav a:hover i,\n.carousel-shortcode.carousel-shortcode-id-7e1ee009601d352cdc8abba4200e46e0 .owl-nav a:hover i:before {\n  color: rgba(255,255,255,0.75);\n  background: none;\n}\n.carousel-shortcode.carousel-shortcode-id-7e1ee009601d352cdc8abba4200e46e0 .owl-dots {\n  top: calc(100% + 20px);\n  left: 50%;\n  transform: translateX(calc(-50% + 0px));\n}\n@media all and (-ms-high-contrast: none) {\n  .carousel-shortcode.carousel-shortcode-id-7e1ee009601d352cdc8abba4200e46e0 .owl-dots {\n    transform: translateX(-50%);\n    margin-left: 0px;\n  }\n}\n.carousel-shortcode.carousel-shortcode-id-7e1ee009601d352cdc8abba4200e46e0 .owl-dot {\n  width: 10px;\n  height: 10px;\n  margin: 0 8px;\n}\n@media screen and (max-width: 778px) {\n  .carousel-shortcode.carousel-shortcode-id-7e1ee009601d352cdc8abba4200e46e0.hide-arrows .owl-nav a {\n    display: none;\n  }\n}\n@media screen and (max-width: 778px) {\n  .carousel-shortcode.carousel-shortcode-id-7e1ee009601d352cdc8abba4200e46e0.reposition-arrows .owl-nav .owl-prev {\n    top: 50%;\n    transform: translateY(calc(-50% + 0px));\n    left: 10px;\n  }\n  .carousel-shortcode.carousel-shortcode-id-7e1ee009601d352cdc8abba4200e46e0.reposition-arrows .owl-nav .owl-next {\n    top: 50%;\n    transform: translateY(calc(-50% + 0px));\n    right: 10px;\n  }\n}\n@media screen and (max-width: 778px) and all and (-ms-high-contrast: none) {\n  .carousel-shortcode.carousel-shortcode-id-7e1ee009601d352cdc8abba4200e46e0.reposition-arrows .owl-nav .owl-prev {\n    transform: translateY(-50%);\n    margin-top: 0px;\n  }\n}\n@media screen and (max-width: 778px) and all and (-ms-high-contrast: none) {\n  .carousel-shortcode.carousel-shortcode-id-7e1ee009601d352cdc8abba4200e46e0.reposition-arrows .owl-nav .owl-next {\n    transform: translateY(-50%);\n    margin-top: 0px;\n  }\n}\n<\/style><div class=\"owl-carousel carousel-shortcode dt-owl-carousel-call carousel-shortcode-id-7e1ee009601d352cdc8abba4200e46e0 bullets-small-dot-stroke reposition-arrows arrows-bg-on dt-arrow-border-on dt-arrow-hover-border-on disable-arrows-hover-bg arrows-hover-bg-on  \" data-scroll-mode=\"1\" data-col-num=\"1\" data-wide-col-num=\"1\" data-laptop-col=\"1\" data-h-tablet-columns-num=\"1\" data-v-tablet-columns-num=\"1\" data-phone-columns-num=\"1\" data-auto-height=\"true\" data-col-gap=\"30\" data-stage-padding=\"0\" data-speed=\"600\" data-autoplay=\"false\" data-autoplay_speed=\"6000\" data-arrows=\"true\" data-bullet=\"false\" data-next-icon=\"icon-ar-017-r\" data-prev-icon=\"icon-ar-017-l\"><style type=\"text\/css\" data-type=\"the7_shortcodes-inline-css\">.shortcode-single-image-wrap.shortcode-single-image-54b7e0dc79e935f503fd217403a7b6a6.enable-bg-rollover .rollover i,\n.shortcode-single-image-wrap.shortcode-single-image-54b7e0dc79e935f503fd217403a7b6a6.enable-bg-rollover .rollover-video i {\n  background: ;\n  background: -webkit-linear-gradient();\n  background: linear-gradient();\n}\n.shortcode-single-image-wrap.shortcode-single-image-54b7e0dc79e935f503fd217403a7b6a6 .rollover-icon {\n  font-size: 32px;\n  color: #ffffff;\n  min-width: 44px;\n  min-height: 44px;\n  line-height: 44px;\n  border-radius: 100px;\n  border-style: solid;\n  border-width: 0px;\n}\n.dt-icon-bg-on.shortcode-single-image-wrap.shortcode-single-image-54b7e0dc79e935f503fd217403a7b6a6 .rollover-icon {\n  background: rgba(255,255,255,0.3);\n  box-shadow: none;\n}\n<\/style><div class=\"shortcode-single-image-wrap shortcode-single-image-54b7e0dc79e935f503fd217403a7b6a6 alignnone caption-on  vc_custom_1526047372561 enable-bg-rollover dt-icon-bg-off\" ><div class=\"shortcode-single-image\"><div class=\"fancy-media-wrap  layzr-bg\" style=\"\"><img fetchpriority=\"high\" decoding=\"async\" class=\"preload-me lazy-load\" src=\"data:image\/svg+xml,%3Csvg%20xmlns%3D&#39;http%3A%2F%2Fwww.w3.org%2F2000%2Fsvg&#39;%20viewBox%3D&#39;0%200%20555%20500&#39;%2F%3E\" data-src=\"https:\/\/www.autosmari.com\/wp-content\/uploads\/2018\/05\/oficinas-ok-okok-1.png\" data-srcset=\"https:\/\/www.autosmari.com\/wp-content\/uploads\/2018\/05\/oficinas-ok-okok-1.png 555w\" width=\"555\" height=\"500\"  data-dt-location=\"https:\/\/www.autosmari.com\/de\/autos-mari\/oficinas-ok-okok-2\/\" style=\"\" alt=\"alquiler coche ibiza\" \/><\/div><\/div><div class=\"shortcode-single-caption\">alquiler coche ibiza<\/div><\/div><\/div><style type=\"text\/css\" data-type=\"the7_shortcodes-inline-css\">.carousel-shortcode.carousel-shortcode-id-7e1ee009601d352cdc8abba4200e46e0 .owl-nav a {\n  width: 36px;\n  height: 36px;\n  border-radius: 0px;\n}\n.dt-arrow-border-on.carousel-shortcode.carousel-shortcode-id-7e1ee009601d352cdc8abba4200e46e0 .owl-nav a:not(:hover):before {\n  border-width: 0px;\n}\n.dt-arrow-hover-border-on.carousel-shortcode.carousel-shortcode-id-7e1ee009601d352cdc8abba4200e46e0 .owl-nav a:hover:after {\n  border-width: 0px;\n}\n.carousel-shortcode.carousel-shortcode-id-7e1ee009601d352cdc8abba4200e46e0 .owl-nav a.owl-prev {\n  top: 50%;\n  transform: translateY(calc(-50% + 0px));\n  left: 0px;\n}\n@media all and (-ms-high-contrast: none) {\n  .carousel-shortcode.carousel-shortcode-id-7e1ee009601d352cdc8abba4200e46e0 .owl-nav a.owl-prev {\n    transform: translateY(-50%);\n    margin-top: 0px;\n  }\n}\n.carousel-shortcode.carousel-shortcode-id-7e1ee009601d352cdc8abba4200e46e0 .owl-nav a.owl-prev i {\n  padding: 0px 0px 0px 0px;\n}\n.carousel-shortcode.carousel-shortcode-id-7e1ee009601d352cdc8abba4200e46e0 .owl-nav a.owl-next {\n  top: 50%;\n  transform: translateY(calc(-50% + 0px));\n  right: 0px;\n}\n@media all and (-ms-high-contrast: none) {\n  .carousel-shortcode.carousel-shortcode-id-7e1ee009601d352cdc8abba4200e46e0 .owl-nav a.owl-next {\n    transform: translateY(-50%);\n    margin-top: 0px;\n  }\n}\n.carousel-shortcode.carousel-shortcode-id-7e1ee009601d352cdc8abba4200e46e0 .owl-nav a.owl-next i {\n  padding: 0px 0px 0px 0px;\n}\n.carousel-shortcode.carousel-shortcode-id-7e1ee009601d352cdc8abba4200e46e0 .owl-nav i {\n  font-size: 18px;\n}\n.carousel-shortcode.carousel-shortcode-id-7e1ee009601d352cdc8abba4200e46e0 .owl-nav a:not(:hover) i,\n.carousel-shortcode.carousel-shortcode-id-7e1ee009601d352cdc8abba4200e46e0 .owl-nav a:not(:hover) i:before {\n  color: #ffffff;\n  background: none;\n}\n.carousel-shortcode.carousel-shortcode-id-7e1ee009601d352cdc8abba4200e46e0 .owl-nav a:hover i,\n.carousel-shortcode.carousel-shortcode-id-7e1ee009601d352cdc8abba4200e46e0 .owl-nav a:hover i:before {\n  color: rgba(255,255,255,0.75);\n  background: none;\n}\n.carousel-shortcode.carousel-shortcode-id-7e1ee009601d352cdc8abba4200e46e0 .owl-dots {\n  top: calc(100% + 20px);\n  left: 50%;\n  transform: translateX(calc(-50% + 0px));\n}\n@media all and (-ms-high-contrast: none) {\n  .carousel-shortcode.carousel-shortcode-id-7e1ee009601d352cdc8abba4200e46e0 .owl-dots {\n    transform: translateX(-50%);\n    margin-left: 0px;\n  }\n}\n.carousel-shortcode.carousel-shortcode-id-7e1ee009601d352cdc8abba4200e46e0 .owl-dot {\n  width: 10px;\n  height: 10px;\n  margin: 0 8px;\n}\n@media screen and (max-width: 778px) {\n  .carousel-shortcode.carousel-shortcode-id-7e1ee009601d352cdc8abba4200e46e0.hide-arrows .owl-nav a {\n    display: none;\n  }\n}\n@media screen and (max-width: 778px) {\n  .carousel-shortcode.carousel-shortcode-id-7e1ee009601d352cdc8abba4200e46e0.reposition-arrows .owl-nav .owl-prev {\n    top: 50%;\n    transform: translateY(calc(-50% + 0px));\n    left: 10px;\n  }\n  .carousel-shortcode.carousel-shortcode-id-7e1ee009601d352cdc8abba4200e46e0.reposition-arrows .owl-nav .owl-next {\n    top: 50%;\n    transform: translateY(calc(-50% + 0px));\n    right: 10px;\n  }\n}\n@media screen and (max-width: 778px) and all and (-ms-high-contrast: none) {\n  .carousel-shortcode.carousel-shortcode-id-7e1ee009601d352cdc8abba4200e46e0.reposition-arrows .owl-nav .owl-prev {\n    transform: translateY(-50%);\n    margin-top: 0px;\n  }\n}\n@media screen and (max-width: 778px) and all and (-ms-high-contrast: none) {\n  .carousel-shortcode.carousel-shortcode-id-7e1ee009601d352cdc8abba4200e46e0.reposition-arrows .owl-nav .owl-next {\n    transform: translateY(-50%);\n    margin-top: 0px;\n  }\n}\n<\/style><div class=\"owl-carousel carousel-shortcode dt-owl-carousel-call carousel-shortcode-id-7e1ee009601d352cdc8abba4200e46e0 bullets-small-dot-stroke reposition-arrows arrows-bg-on dt-arrow-border-on dt-arrow-hover-border-on disable-arrows-hover-bg arrows-hover-bg-on  \" data-scroll-mode=\"1\" data-col-num=\"1\" data-wide-col-num=\"1\" data-laptop-col=\"1\" data-h-tablet-columns-num=\"1\" data-v-tablet-columns-num=\"1\" data-phone-columns-num=\"1\" data-auto-height=\"true\" data-col-gap=\"30\" data-stage-padding=\"0\" data-speed=\"600\" data-autoplay=\"false\" data-autoplay_speed=\"6000\" data-arrows=\"true\" data-bullet=\"false\" data-next-icon=\"icon-ar-017-r\" data-prev-icon=\"icon-ar-017-l\"><style type=\"text\/css\" data-type=\"the7_shortcodes-inline-css\">.shortcode-single-image-wrap.shortcode-single-image-318bd34ae33bcb87013643b0f3163ec3.enable-bg-rollover .rollover i,\n.shortcode-single-image-wrap.shortcode-single-image-318bd34ae33bcb87013643b0f3163ec3.enable-bg-rollover .rollover-video i {\n  background: ;\n  background: -webkit-linear-gradient();\n  background: linear-gradient();\n}\n.shortcode-single-image-wrap.shortcode-single-image-318bd34ae33bcb87013643b0f3163ec3 .rollover-icon {\n  font-size: 32px;\n  color: #ffffff;\n  min-width: 44px;\n  min-height: 44px;\n  line-height: 44px;\n  border-radius: 100px;\n  border-style: solid;\n  border-width: 0px;\n}\n.dt-icon-bg-on.shortcode-single-image-wrap.shortcode-single-image-318bd34ae33bcb87013643b0f3163ec3 .rollover-icon {\n  background: rgba(255,255,255,0.3);\n  box-shadow: none;\n}\n<\/style><\/div>[\/vc_column][\/vc_row]<\/p>\n","protected":false},"excerpt":{"rendered":"<p>[vc_section full_width=&#8220;stretch_row&#8220;][vc_row full_width=&#8220;stretch_row&#8220; bg_type=&#8220;bg_color&#8220; bg_color_value=&#8220;#0a3a6a&#8220;][vc_column width=&#8220;1\/2&#8243;][vc_empty_space height=&#8220;50px&#8220;][vc_raw_html]JTNDZGl2JTIwY2xhc3MlM0QlMjJpZnJhbWUlMjIlM0UlMEElM0NoMyUyMHN0eWxlJTNEJTIyY29sb3IlM0ElMjByZ2IlMjgyNTUlMkMyNTUlMkMyNTUlMjklMjIlM0VXJUMzJUE0aGxlJTIwdW5kJTIwcmVzZXJ2aWVyZSUyMGRlaW4lMjBGYWhyemV1ZyUzQyUyRmgzJTNFJTBBJTNDb2JqZWN0JTIwd2lkdGglM0QlMjIxMDAlMjUlMjIlMjBoZWlnaHQlM0QlMjI0MzAlMjIlMjBzdHlsZSUzRCUyMmJhY2tncm91bmQtY29sb3IlM0ElMjByZ2IlMjgyNTUlMkMyNTUlMkMyNTUlMjklM0IlMjBvdmVyZmxvdyUzQSUyMGhpZGRlbiUzQiUyMG9wYWNpdHklM0ElMjAwLjklM0IlMjIlMjBkYXRhJTNEJTIyaHR0cHMlM0ElMkYlMkZyZXNlcnZhcy5hdXRvc21hcmkuY29tJTJGJTNGc2VhcmNoJTNEMSUyNmlkaW9tYSUzRGRlJTIyJTIwdHlwZSUzRCUyMnRleHQlMkZodG1sJTIyJTNFJTBBJTIwJTIwJTNDZW1iZWQlMjBzcmMlM0QlMjJodHRwcyUzQSUyRiUyRnJlc2VydmFzLmF1dG9zbWFyaS5jb20lMkYlM0ZzZWFyY2glM0QxJTI2aWRpb21hJTNEZGUlMjIlMjB3aWR0aCUzRCUyMjI3MHB4JTIyJTIwaGVpZ2h0JTNEJTIyNDE1cHglMjIlM0UlM0MlMkZlbWJlZCUzRSUwQSUzQyUyRm9iamVjdCUzRSUwQSUzQyUyRmRpdiUzRSUwQQ==[\/vc_raw_html][vc_empty_space height=&#8220;50px&#8220;][\/vc_column][vc_column width=&#8220;1\/2&#8243;][vc_empty_space height=&#8220;75px&#8220;][vc_column_text] Autos Mar\u00ed, Autovermietung auf Ibiza. Reservieren Sie Ihr Auto auf Ibiza, ohne \u00dcberraschungen. [\/vc_column_text][vc_empty_space][\/vc_column][\/vc_row][\/vc_section][vc_row content_placement=&#8220;top&#8220; type=&#8220;vc_default&#8220; el_id=&#8220;about&#8220; css=&#8220;.vc_custom_1501059079815{padding-top: 90px !important;padding-bottom: 50px !important;}&#8220;][vc_column css=&#8220;.vc_custom_1501163010954{padding-bottom: 50px !important;}&#8220; offset=&#8220;vc_col-lg-6 vc_col-md-8&#8243;][vc_column_text css=&#8220;.vc_custom_1528992157648{margin-bottom: 30px !important;}&#8220;] Autos Mar\u00ed ist ein Auto-, Motorrad- und Lieferwagenverleih, der im Jahr 1971 gegr\u00fcndet wurde. .&hellip;<\/p>\n","protected":false},"author":1,"featured_media":0,"parent":0,"menu_order":1,"comment_status":"closed","ping_status":"closed","template":"","meta":[],"_links":{"self":[{"href":"https:\/\/www.autosmari.com\/de\/wp-json\/wp\/v2\/pages\/37026"}],"collection":[{"href":"https:\/\/www.autosmari.com\/de\/wp-json\/wp\/v2\/pages"}],"about":[{"href":"https:\/\/www.autosmari.com\/de\/wp-json\/wp\/v2\/types\/page"}],"author":[{"embeddable":true,"href":"https:\/\/www.autosmari.com\/de\/wp-json\/wp\/v2\/users\/1"}],"replies":[{"embeddable":true,"href":"https:\/\/www.autosmari.com\/de\/wp-json\/wp\/v2\/comments?post=37026"}],"version-history":[{"count":8,"href":"https:\/\/www.autosmari.com\/de\/wp-json\/wp\/v2\/pages\/37026\/revisions"}],"predecessor-version":[{"id":37977,"href":"https:\/\/www.autosmari.com\/de\/wp-json\/wp\/v2\/pages\/37026\/revisions\/37977"}],"wp:attachment":[{"href":"https:\/\/www.autosmari.com\/de\/wp-json\/wp\/v2\/media?parent=37026"}],"curies":[{"name":"wp","href":"https:\/\/api.w.org\/{rel}","templated":true}]}}