{"id":37469,"date":"2020-08-19T17:39:16","date_gmt":"2020-08-19T15:39:16","guid":{"rendered":"https:\/\/www.autosmari.com\/?page_id=37469"},"modified":"2020-08-19T18:08:05","modified_gmt":"2020-08-19T16:08:05","slug":"rent-car-ibiza-airport","status":"publish","type":"page","link":"https:\/\/www.autosmari.com\/en\/rent-car-ibiza-airport\/","title":{"rendered":"rent car ibiza airport"},"content":{"rendered":"\t\t<div data-elementor-type=\"wp-page\" data-elementor-id=\"37469\" class=\"elementor elementor-37469\">\n\t\t\t\t\t\t<section class=\"elementor-section elementor-top-section elementor-element elementor-element-682c2649 elementor-section-height-min-height elementor-section-boxed elementor-section-height-default elementor-section-items-middle\" data-id=\"682c2649\" data-element_type=\"section\" data-settings=\"{&quot;background_background&quot;:&quot;classic&quot;}\">\n\t\t\t\t\t\t\t<div class=\"elementor-background-overlay\"><\/div>\n\t\t\t\t\t\t\t<div class=\"elementor-container elementor-column-gap-default\">\n\t\t\t\t\t<div class=\"elementor-column elementor-col-100 elementor-top-column elementor-element elementor-element-37c49f23\" data-id=\"37c49f23\" data-element_type=\"column\">\n\t\t\t<div class=\"elementor-widget-wrap elementor-element-populated\">\n\t\t\t\t\t\t<div class=\"elementor-element elementor-element-5484eb10 elementor-widget elementor-widget-heading\" data-id=\"5484eb10\" data-element_type=\"widget\" data-widget_type=\"heading.default\">\n\t\t\t\t<div class=\"elementor-widget-container\">\n\t\t\t<h2 class=\"elementor-heading-title elementor-size-default\">Car rental at Ibiza airport<br><\/h2>\t\t<\/div>\n\t\t\t\t<\/div>\n\t\t\t\t<div class=\"elementor-element elementor-element-73c6bf3 elementor-widget elementor-widget-heading\" data-id=\"73c6bf3\" data-element_type=\"widget\" data-widget_type=\"heading.default\">\n\t\t\t\t<div class=\"elementor-widget-container\">\n\t\t\t<h3 class=\"elementor-heading-title elementor-size-default\">The best option on your vacation<\/h3>\t\t<\/div>\n\t\t\t\t<\/div>\n\t\t\t\t\t<\/div>\n\t\t<\/div>\n\t\t\t\t\t<\/div>\n\t\t<\/section>\n\t\t\t\t<section class=\"elementor-section elementor-top-section elementor-element elementor-element-79eaefa6 elementor-section-boxed elementor-section-height-default elementor-section-height-default\" data-id=\"79eaefa6\" data-element_type=\"section\">\n\t\t\t\t\t\t<div class=\"elementor-container elementor-column-gap-default\">\n\t\t\t\t\t<div class=\"elementor-column elementor-col-100 elementor-top-column elementor-element elementor-element-6565eaf6\" data-id=\"6565eaf6\" data-element_type=\"column\">\n\t\t\t<div class=\"elementor-widget-wrap elementor-element-populated\">\n\t\t\t\t\t\t<div class=\"elementor-element elementor-element-5cd48e3a elementor-widget elementor-widget-text-editor\" data-id=\"5cd48e3a\" data-element_type=\"widget\" data-widget_type=\"text-editor.default\">\n\t\t\t\t<div class=\"elementor-widget-container\">\n\t\t\t\t\t\t\t<p><b>Alquilar un coche en el aeropuerto de Ibiza <\/b>siempre es una excelente opci\u00f3n porque te evita pagar transporte hasta tu alojamiento y de vuelta al aeropuerto.<\/p><p>\u00a0<\/p><p>En el caso de Ibiza, adem\u00e1s, el transporte desde o hacia el aeropuerto <a href=\"https:\/\/www.ibiza-spotlight.es\/info\/consejos_tarifas_taxi_e.htm\" target=\"_blank\" rel=\"noopener\"><strong>es bastante caro<\/strong><\/a><strong> y escaso<\/strong> a determinadas horas y fechas, ya que hay <a href=\"https:\/\/ibizabus.com\/ibiza\/nuevos-horarios-linea-10-ibiza-aeropuerto\/\" target=\"_blank\" rel=\"noopener\">pocos buses<\/a> y taxis<\/p><p>\u00a0<\/p><p>Por todo ello, no lo dudes\u2026<\/p>\t\t\t\t\t\t<\/div>\n\t\t\t\t<\/div>\n\t\t\t\t<div class=\"elementor-element elementor-element-3cb3eb3c elementor-widget elementor-widget-heading\" data-id=\"3cb3eb3c\" data-element_type=\"widget\" data-widget_type=\"heading.default\">\n\t\t\t\t<div class=\"elementor-widget-container\">\n\t\t\t<h2 class=\"elementor-heading-title elementor-size-default\">\u201cLa mejor opci\u00f3n es disponer de un coche de alquiler desde que empiezas tus vacaciones en el aeropuerto de Ibiza\u201d<\/h2>\t\t<\/div>\n\t\t\t\t<\/div>\n\t\t\t\t<div class=\"elementor-element elementor-element-f9bf6ed elementor-widget elementor-widget-text-editor\" data-id=\"f9bf6ed\" data-element_type=\"widget\" data-widget_type=\"text-editor.default\">\n\t\t\t\t<div class=\"elementor-widget-container\">\n\t\t\t\t\t\t\t<p><b>Autos Mar\u00ed, tu rent a Car de confianza,<\/b> dispone de un punto de entrega de coches en el exterior del aeropuerto, desde la que te traemos el coche <b>al mismo aeropuerto<\/b>.\u00a0<span style=\"word-spacing: normal;\">Es muy f\u00e1cil:<\/span><\/p><p><span style=\"word-spacing: normal;\">\u00a0<\/span><\/p><ul><li>En tu reserva nos indicas el n\u00famero de vuelo<\/li><li>Nosotros preparamos tu coche y tu contrato y vemos en qu\u00e9 momento aterriza tu vuelo<\/li><li>Te acercamos el coche para que no tengas que desplazarte ni correr para hacer colas en las oficinas del aeropuerto de Ibiza<\/li><\/ul><div>\u00a0<\/div><p>As\u00ed de f\u00e1cil, sin m\u00e1s, sin menos, en Autos Mar\u00ed siempre<b> pensamos en la comodidad de nuestros clientes.<\/b><\/p>\t\t\t\t\t\t<\/div>\n\t\t\t\t<\/div>\n\t\t\t\t\t<\/div>\n\t\t<\/div>\n\t\t\t\t\t<\/div>\n\t\t<\/section>\n\t\t\t\t<section class=\"elementor-section elementor-top-section elementor-element elementor-element-3362a22 elementor-section-height-min-height elementor-section-boxed elementor-section-height-default elementor-section-items-middle\" data-id=\"3362a22\" data-element_type=\"section\" data-settings=\"{&quot;background_background&quot;:&quot;classic&quot;}\">\n\t\t\t\t\t\t<div class=\"elementor-container elementor-column-gap-default\">\n\t\t\t\t\t<div class=\"elementor-column elementor-col-100 elementor-top-column elementor-element elementor-element-2414c23\" data-id=\"2414c23\" data-element_type=\"column\">\n\t\t\t<div class=\"elementor-widget-wrap elementor-element-populated\">\n\t\t\t\t\t\t<div class=\"elementor-element elementor-element-64ba08c elementor-widget elementor-widget-heading\" data-id=\"64ba08c\" data-element_type=\"widget\" data-widget_type=\"heading.default\">\n\t\t\t\t<div class=\"elementor-widget-container\">\n\t\t\t<h2 class=\"elementor-heading-title elementor-size-default\"><p style=\"margin-bottom: 0cm; line-height: 0.55cm\"><font face=\"Arial, serif\"><font style=\"font-size: 24pt\"><span lang=\"en-GB\"><b>We will give you 3 tips and ideas for renting a car at Ibiza airport\n(our humble unsolicited opinion)<\/b><\/span><\/font><\/font><span style=\"word-spacing: normal;\"><\/span><\/p><\/h2>\t\t<\/div>\n\t\t\t\t<\/div>\n\t\t\t\t\t<\/div>\n\t\t<\/div>\n\t\t\t\t\t<\/div>\n\t\t<\/section>\n\t\t\t\t<section class=\"elementor-section elementor-top-section elementor-element elementor-element-b93bdd7 elementor-section-boxed elementor-section-height-default elementor-section-height-default\" data-id=\"b93bdd7\" data-element_type=\"section\">\n\t\t\t\t\t\t<div class=\"elementor-container elementor-column-gap-default\">\n\t\t\t\t\t<div class=\"elementor-column elementor-col-100 elementor-top-column elementor-element elementor-element-edb0d92\" data-id=\"edb0d92\" data-element_type=\"column\">\n\t\t\t<div class=\"elementor-widget-wrap elementor-element-populated\">\n\t\t\t\t\t\t<div class=\"elementor-element elementor-element-60b0f12 elementor-widget elementor-widget-heading\" data-id=\"60b0f12\" data-element_type=\"widget\" data-widget_type=\"heading.default\">\n\t\t\t\t<div class=\"elementor-widget-container\">\n\t\t\t<h2 class=\"elementor-heading-title elementor-size-default\"><p style=\"margin-bottom: 0.28cm; line-height: 0.55cm\"><font color=\"#0a3a6a\"><font face=\"Arial, serif\"><font style=\"font-size: 16pt\"><span lang=\"en-GB\"><b>1. At Ibiza airport there are 5 Rent a Car offices, the truth, very few\nfor the volume of passengers arriving in Ibiza in certain months.<\/b><\/span><\/font><\/font><\/font><span style=\"word-spacing: normal;\"><\/span><\/p><\/h2>\t\t<\/div>\n\t\t\t\t<\/div>\n\t\t\t\t<div class=\"elementor-element elementor-element-0aa253e elementor-widget elementor-widget-text-editor\" data-id=\"0aa253e\" data-element_type=\"widget\" data-widget_type=\"text-editor.default\">\n\t\t\t\t<div class=\"elementor-widget-container\">\n\t\t\t\t\t\t\t<p style=\"margin-bottom: 0cm; line-height: 0.76cm;\"><span style=\"color: #54595f;\"><span style=\"font-family: Arial, serif;\"><span style=\"font-size: 13pt;\"><span lang=\"en-GB\">Therefore, queues and waiting are very common.<\/span><\/span><\/span><\/span><\/p><p>\u00a0<\/p><p style=\"margin-bottom: 0cm; line-height: 0.76cm;\"><span style=\"color: #54595f;\"><span style=\"font-family: Arial, serif;\"><span style=\"font-size: 13pt;\"><span lang=\"en-GB\">Make no mistake, at the airport there are the top agencies, such as Avis, Hertz or Europcar. <\/span><\/span><\/span><\/span><span style=\"color: #54595f;\"><span style=\"font-family: Arial, serif;\"><span style=\"font-size: 13pt;\"><span lang=\"en-GB\"><b>You<br \/>pay location and brand<\/b><\/span><\/span><\/span><\/span><span style=\"color: #54595f;\"><span style=\"font-family: Arial, serif;\"><span style=\"font-size: 13pt;\"><span lang=\"en-GB\">. If that doesn&#8217;t matter to you, prepare the wallet and that&#8217;s it (with<br \/>a little or a lot waiting time, of course).<\/span><\/span><\/span><\/span><\/p><p>\u00a0<\/p><p>Companies like ours,<strong> Autos Mar\u00ed<\/strong>, although we do not have an office there, <strong>we take your car to the airport parking<\/strong> lot from our warehouse 500 meters away.<\/p><p>\u00a0<\/p><p>We check when your flight has landed in Ibiza and bring you the car so don\u2019t have to wait in queue.<br \/>So\u2026<strong> \u201cAutos Mar\u00ed is your car rental at Ibiza airport, without queues or waiting\u201d<\/strong><\/p>\t\t\t\t\t\t<\/div>\n\t\t\t\t<\/div>\n\t\t\t\t\t<\/div>\n\t\t<\/div>\n\t\t\t\t\t<\/div>\n\t\t<\/section>\n\t\t\t\t<section class=\"elementor-section elementor-top-section elementor-element elementor-element-8cfe5c4 elementor-section-boxed elementor-section-height-default elementor-section-height-default\" data-id=\"8cfe5c4\" data-element_type=\"section\">\n\t\t\t\t\t\t<div class=\"elementor-container elementor-column-gap-default\">\n\t\t\t\t\t<div class=\"elementor-column elementor-col-100 elementor-top-column elementor-element elementor-element-0d100be\" data-id=\"0d100be\" data-element_type=\"column\">\n\t\t\t<div class=\"elementor-widget-wrap elementor-element-populated\">\n\t\t\t\t\t\t<div class=\"elementor-element elementor-element-3a5be97 elementor-widget elementor-widget-heading\" data-id=\"3a5be97\" data-element_type=\"widget\" data-widget_type=\"heading.default\">\n\t\t\t\t<div class=\"elementor-widget-container\">\n\t\t\t<h2 class=\"elementor-heading-title elementor-size-default\"><p style=\"margin-bottom: 0.28cm; line-height: 0.55cm\"><font color=\"#0a3a6a\"><font face=\"Arial, serif\"><font style=\"font-size: 16pt\"><span lang=\"en-GB\"><b>2. Rent a car with airport pickup van<\/b><\/span><\/font><\/font><\/font><span style=\"word-spacing: normal;\"><\/span><\/p><\/h2>\t\t<\/div>\n\t\t\t\t<\/div>\n\t\t\t\t<div class=\"elementor-element elementor-element-96236d4 elementor-widget elementor-widget-text-editor\" data-id=\"96236d4\" data-element_type=\"widget\" data-widget_type=\"text-editor.default\">\n\t\t\t\t<div class=\"elementor-widget-container\">\n\t\t\t\t\t\t\t<p>Some Ibiza airport rent a car companies are in the vicinity of the airport and<strong> take you with their van.<\/strong><\/p><p>\u00a0<\/p><p style=\"margin-bottom: 0.26cm; line-height: 0.76cm;\"><span style=\"color: #54595f;\"><span style=\"font-family: Arial, serif;\"><span style=\"font-size: 13pt;\"><span lang=\"en-GB\">Of course, at the airport there isn\u2019t space for everyone.<\/span><\/span><\/span><\/span><\/p><p>\u00a0<\/p><p>The issue with these rental companies is that, many times, they have long waiting times, to pick up clients from different flights and, when you arrive at the office one kilometre from the airport&#8230; well, you must stand in line again.<\/p><p><strong>&#8220;At Autos Mar\u00ed we deliver your rental car to you at the airport, right after you collect your bags, without waiting or stress&#8221;<\/strong><\/p>\t\t\t\t\t\t<\/div>\n\t\t\t\t<\/div>\n\t\t\t\t\t<\/div>\n\t\t<\/div>\n\t\t\t\t\t<\/div>\n\t\t<\/section>\n\t\t\t\t<section class=\"elementor-section elementor-top-section elementor-element elementor-element-a194fff elementor-section-boxed elementor-section-height-default elementor-section-height-default\" data-id=\"a194fff\" data-element_type=\"section\">\n\t\t\t\t\t\t<div class=\"elementor-container elementor-column-gap-default\">\n\t\t\t\t\t<div class=\"elementor-column elementor-col-100 elementor-top-column elementor-element elementor-element-3bbc9aa\" data-id=\"3bbc9aa\" data-element_type=\"column\">\n\t\t\t<div class=\"elementor-widget-wrap elementor-element-populated\">\n\t\t\t\t\t\t<div class=\"elementor-element elementor-element-39d6474 elementor-widget elementor-widget-heading\" data-id=\"39d6474\" data-element_type=\"widget\" data-widget_type=\"heading.default\">\n\t\t\t\t<div class=\"elementor-widget-container\">\n\t\t\t<h2 class=\"elementor-heading-title elementor-size-default\"><p style=\"margin-bottom: 0.28cm; line-height: 0.55cm\"><font color=\"#0a3a6a\"><font face=\"Arial, serif\"><font style=\"font-size: 16pt\"><span lang=\"en-GB\"><b>3.Be careful with the hidden additional charges, low cost can end up\nbeing expensive, find out why.<\/b><\/span><\/font><\/font><\/font><span style=\"word-spacing: normal;\"><\/span><\/p><\/h2>\t\t<\/div>\n\t\t\t\t<\/div>\n\t\t\t\t<div class=\"elementor-element elementor-element-3745c26 elementor-widget elementor-widget-text-editor\" data-id=\"3745c26\" data-element_type=\"widget\" data-widget_type=\"text-editor.default\">\n\t\t\t\t<div class=\"elementor-widget-container\">\n\t\t\t\t\t\t\t<p>Many times we look for a cheap car rental at Ibiza airport and <strong>we find the following &#8220;bargains&#8221;:<\/strong><\/p>\t\t\t\t\t\t<\/div>\n\t\t\t\t<\/div>\n\t\t\t\t<div class=\"elementor-element elementor-element-f281d1f elementor-widget elementor-widget-image\" data-id=\"f281d1f\" data-element_type=\"widget\" data-widget_type=\"image.default\">\n\t\t\t\t<div class=\"elementor-widget-container\">\n\t\t\t\t\t\t\t\t\t\t\t\t\t<img fetchpriority=\"high\" decoding=\"async\" width=\"834\" height=\"387\" src=\"https:\/\/www.autosmari.com\/wp-content\/uploads\/2020\/07\/a.jpg\" class=\"attachment-large size-large wp-image-37322\" alt=\"chollo alquilar coche aeropuerto ibiza\" srcset=\"https:\/\/www.autosmari.com\/wp-content\/uploads\/2020\/07\/a.jpg 834w, https:\/\/www.autosmari.com\/wp-content\/uploads\/2020\/07\/a-300x139.jpg 300w, https:\/\/www.autosmari.com\/wp-content\/uploads\/2020\/07\/a-768x356.jpg 768w, https:\/\/www.autosmari.com\/wp-content\/uploads\/2020\/07\/a-600x278.jpg 600w\" sizes=\"(max-width: 834px) 100vw, 834px\" \/>\t\t\t\t\t\t\t\t\t\t\t\t\t<\/div>\n\t\t\t\t<\/div>\n\t\t\t\t<div class=\"elementor-element elementor-element-65cd5ff elementor-widget elementor-widget-text-editor\" data-id=\"65cd5ff\" data-element_type=\"widget\" data-widget_type=\"text-editor.default\">\n\t\t\t\t<div class=\"elementor-widget-container\">\n\t\t\t\t\t\t\t<p>Let&#8217;s see, that price, if it were the final price you are going to pay, is very good, and we are not saying that on a specific day, February 29 and with the eclipse of the sun over Jupiter, we cannot find it, but&#8230;<\/p><p>\u00a0<\/p><p>What hides behind these extremely good low cost car rental deals at Ibiza airport?<\/p><p>\u00a0<\/p><p style=\"margin-bottom: 0cm; line-height: 0.76cm;\"><span style=\"color: #54595f;\"><span style=\"font-family: Arial, serif;\"><span style=\"font-size: 13pt;\"><span lang=\"en-GB\">Well,<br \/>usually, only the car and all the extras in the world that will sell<br \/>you when you pick it up. Most common, <\/span><\/span><\/span><\/span><span style=\"color: #54595f;\"><span style=\"font-family: Arial, serif;\"><span style=\"font-size: 13pt;\"><span lang=\"en-GB\"><b>basic<br \/>franchise insurance and fuel surcharge.<\/b><\/span><\/span><\/span><\/span><\/p><p><strong>\u00a0<\/strong><\/p><p><strong>What is the insurance surcharge?<\/strong> Well look, they offer you a very cheap car, but with insurance only to third parties (it is called CDW). This basically implies that, anything that happens to you in the car, which sometimes happens and that is the reason for Murphy&#8217;s Law, your \u201clow cost\u201d rental from the airport will become your \u201cnext three salaries\u201d rental, and this happens in Ibiza, in Santa Eulalia and in Tegucigalpa.<\/p><p>\u00a0<\/p><p>In addition, this insurance and the all-risk franchise, involve<strong> huge franchises<\/strong> that will load your card &#8220;just in case&#8221;, and that is not negotiable.<\/p><p>\u00a0<\/p><p><strong>Imagine that \u20ac 1500 are blocked on your card<\/strong>, &#8220;just in case&#8221; and only until your vacation ends&#8230; Well, forget about using that card until you return the car&#8230; or pay a small supplement that will transform your super low cost rental ipso facto!<\/p><p>\u00a0<\/p><p>Look, this is one of the low cost rent a cars that operate at the Ibiza airport, and see what they claim about insurance.<\/p>\t\t\t\t\t\t<\/div>\n\t\t\t\t<\/div>\n\t\t\t\t<div class=\"elementor-element elementor-element-b3f2ce5 elementor-widget elementor-widget-image\" data-id=\"b3f2ce5\" data-element_type=\"widget\" data-widget_type=\"image.default\">\n\t\t\t\t<div class=\"elementor-widget-container\">\n\t\t\t\t\t\t\t\t\t\t\t\t\t<img decoding=\"async\" width=\"840\" height=\"465\" src=\"https:\/\/www.autosmari.com\/wp-content\/uploads\/2020\/07\/b.jpg\" class=\"attachment-large size-large wp-image-37326\" alt=\"franquicia coche low cost ibiza\" srcset=\"https:\/\/www.autosmari.com\/wp-content\/uploads\/2020\/07\/b.jpg 840w, https:\/\/www.autosmari.com\/wp-content\/uploads\/2020\/07\/b-300x166.jpg 300w, https:\/\/www.autosmari.com\/wp-content\/uploads\/2020\/07\/b-768x425.jpg 768w, https:\/\/www.autosmari.com\/wp-content\/uploads\/2020\/07\/b-600x332.jpg 600w\" sizes=\"(max-width: 840px) 100vw, 840px\" \/>\t\t\t\t\t\t\t\t\t\t\t\t\t<\/div>\n\t\t\t\t<\/div>\n\t\t\t\t<div class=\"elementor-element elementor-element-869e30e elementor-widget elementor-widget-text-editor\" data-id=\"869e30e\" data-element_type=\"widget\" data-widget_type=\"text-editor.default\">\n\t\t\t\t<div class=\"elementor-widget-container\">\n\t\t\t\t\t\t\t<p>A ver, que tambi\u00e9n puedes no comprar nada de lo que te ofrecen y, cada vez que aparques el coche en un parking abarrotado en la playa, vayas a una megatop restaurante en el campo por caminos de carros o aparque cerca de una discoteca, reces seis \u00b7\u201dpadrenuestros\u201d y tres \u201cavemar\u00edas\u201d o hagas una sesi\u00f3n expr\u00e9s de meditaci\u00f3n mindfulness para superar el estr\u00e9s, y, con eso, todo solucionado, ning\u00fan problema.<\/p><p>\u00a0<\/p><p><span style=\"font-weight: 400;\"><strong>\u00bfQu\u00e9 es el recargo por combustible en el rent a car?<\/strong> Pues que, b\u00e1sicamente, te dan dep\u00f3sito lleno y te lo cobran en tu tarjeta, a un precio, normalmente, superior al de mercado y, solo si lo devuelves lleno, te devuelven lo que has pagado. <\/span><\/p><p>\u00a0<\/p><p>En Autos Mar\u00ed no somos muy fashion, ni nuestra web tiene fuegos artificiales, la verdad, somos m\u00e1s bien <b>una empresa tradicional<\/b>, pero\u2026<\/p><p>\u00a0<\/p><ul><li>Ofrecemos <b>coches confiables de primeras marcas<\/b> y tipos y te los llevamos a la puerta del aeropuerto, justo cuando sales con tus maletas. (Ojo, no es magia, es la<a href=\"http:\/\/www.aena.es\/csee\/Satellite\/infovuelos\/es\/?mov=L&amp;origin_ac=IBZ\" target=\"_blank\" rel=\"noopener\"><b> info de llegadas de vuelos de internet<\/b><\/a>)<\/li><li>Somos una empresa confiable, con <b>m\u00e1s de 45 a\u00f1os de experiencia<\/b>, miles de coches alquilados y de clientes contentos<\/li><li>Como sabemos bien lo que les gusta a nuestros clientes, ofrecemos un alquiler de coche en el aeropuerto transparente,<b> sin cargos adicionales<\/b> a lo que te ofrecemos en nuestra web, sin trampa ni cart\u00f3n\u2026 quiz\u00e1s eso explique por qu\u00e9 llevamos m\u00e1s de 45 a\u00f1os alquilando coches<\/li><li><b>Pagas solo el combustible que utilizas<\/b>, Te dejamos el coche lleno, lo devuelves lleno, as\u00ed sin trucos ni ilusionismos ni cargos raros. T\u00fa cumples, nosotros cumplimos<\/li><li>Tenemos <b>coches de todo tipo<\/b>, peque\u00f1os y baratos, familiares, 7 y 9 plazas, compactos, descapotables tipo \u201cnada ni nadie se me resiste\u201d, todo terrenos, etc.<\/li><li><b>Hasta alquilamos motos<\/b>, eso s\u00ed grande, de trail, una Guzzi 850 cc que es la delicia para los moteros m\u00e1s expertos que quieren disfrutar del aire y el sol en su cara.<\/li><\/ul><div>\u00a0<\/div><p>\u00a0<\/p><p>Para que veas que no somos unos cenizos, aqu\u00ed te dejamos m\u00e1s info del tema de <b><a href=\"https:\/\/www.eldiario.es\/consumoclaro\/viajar\/alquiler-coches-low-cost-peligros_0_524247977.html\" target=\"_blank\" rel=\"noopener\">los alquileres low cost<\/a> <\/b>o, si tienes tiempo y te apetece,<b> este <\/b><a href=\"https:\/\/www.forocoches.com\/foro\/showthread.php?t=6503331\" target=\"_blank\" rel=\"noopener\"><b>simp\u00e1tico chat de forocoches<\/b> <\/a>donde te ponen m\u00e1s ejemplos<\/p>\t\t\t\t\t\t<\/div>\n\t\t\t\t<\/div>\n\t\t\t\t\t<\/div>\n\t\t<\/div>\n\t\t\t\t\t<\/div>\n\t\t<\/section>\n\t\t\t\t<\/div>\n\t\t","protected":false},"excerpt":{"rendered":"<p>Car rental at Ibiza airport The best option on your vacation Alquilar un coche en el aeropuerto de Ibiza siempre es una excelente opci\u00f3n porque te evita pagar transporte hasta tu alojamiento y de vuelta al aeropuerto. \u00a0 En el caso de Ibiza, adem\u00e1s, el transporte desde o hacia el aeropuerto es bastante caro y&hellip;<\/p>\n","protected":false},"author":1,"featured_media":0,"parent":0,"menu_order":0,"comment_status":"closed","ping_status":"closed","template":"elementor_header_footer","meta":[],"_links":{"self":[{"href":"https:\/\/www.autosmari.com\/en\/wp-json\/wp\/v2\/pages\/37469"}],"collection":[{"href":"https:\/\/www.autosmari.com\/en\/wp-json\/wp\/v2\/pages"}],"about":[{"href":"https:\/\/www.autosmari.com\/en\/wp-json\/wp\/v2\/types\/page"}],"author":[{"embeddable":true,"href":"https:\/\/www.autosmari.com\/en\/wp-json\/wp\/v2\/users\/1"}],"replies":[{"embeddable":true,"href":"https:\/\/www.autosmari.com\/en\/wp-json\/wp\/v2\/comments?post=37469"}],"version-history":[{"count":7,"href":"https:\/\/www.autosmari.com\/en\/wp-json\/wp\/v2\/pages\/37469\/revisions"}],"predecessor-version":[{"id":37478,"href":"https:\/\/www.autosmari.com\/en\/wp-json\/wp\/v2\/pages\/37469\/revisions\/37478"}],"wp:attachment":[{"href":"https:\/\/www.autosmari.com\/en\/wp-json\/wp\/v2\/media?parent=37469"}],"curies":[{"name":"wp","href":"https:\/\/api.w.org\/{rel}","templated":true}]}}