{"id":37491,"date":"2020-08-31T11:17:44","date_gmt":"2020-08-31T09:17:44","guid":{"rendered":"https:\/\/www.autosmari.com\/?post_type=product&#038;p=37491"},"modified":"2024-04-11T11:27:58","modified_gmt":"2024-04-11T09:27:58","slug":"opel-corsa-ocasion","status":"publish","type":"product","link":"https:\/\/www.autosmari.com\/nl\/producto\/opel-corsa-ocasion\/","title":{"rendered":"OPEL CORSA (ocasion)"},"content":{"rendered":"<p><img decoding=\"async\" class=\"alignnone wp-image-36666 \" src=\"https:\/\/www.autosmari.com\/wp-content\/uploads\/2018\/04\/personas-150x150.png\" alt=\"\" width=\"39\" height=\"39\" srcset=\"https:\/\/www.autosmari.com\/wp-content\/uploads\/2018\/04\/personas-150x150.png 150w, https:\/\/www.autosmari.com\/wp-content\/uploads\/2018\/04\/personas.png 173w\" sizes=\"(max-width: 39px) 100vw, 39px\" \/>\u00a0<img decoding=\"async\" class=\"alignnone wp-image-36667\" src=\"https:\/\/www.autosmari.com\/wp-content\/uploads\/2018\/04\/puertas.png\" alt=\"\" width=\"39\" height=\"39\" srcset=\"https:\/\/www.autosmari.com\/wp-content\/uploads\/2018\/04\/puertas.png 173w, https:\/\/www.autosmari.com\/wp-content\/uploads\/2018\/04\/puertas-150x150.png 150w\" sizes=\"(max-width: 39px) 100vw, 39px\" \/>\u00a0<img decoding=\"async\" class=\"alignnone wp-image-36664\" src=\"https:\/\/www.autosmari.com\/wp-content\/uploads\/2018\/04\/maletas.png\" alt=\"\" width=\"39\" height=\"39\" srcset=\"https:\/\/www.autosmari.com\/wp-content\/uploads\/2018\/04\/maletas.png 173w, https:\/\/www.autosmari.com\/wp-content\/uploads\/2018\/04\/maletas-150x150.png 150w\" sizes=\"(max-width: 39px) 100vw, 39px\" \/>\u00a0<img loading=\"lazy\" decoding=\"async\" class=\"alignnone wp-image-36662\" src=\"https:\/\/www.autosmari.com\/wp-content\/uploads\/2018\/04\/aire.png\" alt=\"\" width=\"39\" height=\"39\" srcset=\"https:\/\/www.autosmari.com\/wp-content\/uploads\/2018\/04\/aire.png 173w, https:\/\/www.autosmari.com\/wp-content\/uploads\/2018\/04\/aire-150x150.png 150w\" sizes=\"(max-width: 39px) 100vw, 39px\" \/>\u00a0<img loading=\"lazy\" decoding=\"async\" class=\"alignnone wp-image-36665\" src=\"https:\/\/www.autosmari.com\/wp-content\/uploads\/2018\/04\/manual.png\" alt=\"\" width=\"39\" height=\"39\" srcset=\"https:\/\/www.autosmari.com\/wp-content\/uploads\/2018\/04\/manual.png 173w, https:\/\/www.autosmari.com\/wp-content\/uploads\/2018\/04\/manual-150x150.png 150w\" sizes=\"(max-width: 39px) 100vw, 39px\" \/><\/p>\n<h3><span style=\"color: #808080;\">5\u00a0 \u00a0 \u00a04\u00a0 \u00a0 2\u00a0 S\u00ed Man<\/span><\/h3>\n<p>Extras:<br \/>\nKil\u00f3metros ilimitados:<\/p>\n<p>Si vas a viajar a Ibiza y quieres un proceso \u00e1gil para alquilar un veh\u00edculo, en Autos Mari ofrecemos tanto el <a href=\"https:\/\/www.autosmari.com\/\"><strong>alquiler de coches en Ibiza<\/strong> <\/a>como el <a href=\"https:\/\/www.autosmari.com\/alquiler-coche-ibiza-aeropuerto\/\"><strong>alquiler de coches en el aeropuerto de Ibiza.<\/strong><\/a><\/p>\n","protected":false},"excerpt":{"rendered":"<p>\u00a0\u00a0\u00a0\u00a0 5\u00a0 \u00a0 \u00a04\u00a0 \u00a0 2\u00a0 S\u00ed Man Extras: Kil\u00f3metros ilimitados: Si vas a viajar a Ibiza y quieres un proceso \u00e1gil para alquilar un veh\u00edculo, en Autos Mari ofrecemos tanto el alquiler de coches en Ibiza como el alquiler de coches en el aeropuerto de Ibiza.<\/p>\n","protected":false},"featured_media":36670,"template":"","meta":[],"product_cat":[223],"product_tag":[],"_links":{"self":[{"href":"https:\/\/www.autosmari.com\/nl\/wp-json\/wp\/v2\/product\/37491"}],"collection":[{"href":"https:\/\/www.autosmari.com\/nl\/wp-json\/wp\/v2\/product"}],"about":[{"href":"https:\/\/www.autosmari.com\/nl\/wp-json\/wp\/v2\/types\/product"}],"wp:featuredmedia":[{"embeddable":true,"href":"https:\/\/www.autosmari.com\/nl\/wp-json\/wp\/v2\/media\/36670"}],"wp:attachment":[{"href":"https:\/\/www.autosmari.com\/nl\/wp-json\/wp\/v2\/media?parent=37491"}],"wp:term":[{"taxonomy":"product_cat","embeddable":true,"href":"https:\/\/www.autosmari.com\/nl\/wp-json\/wp\/v2\/product_cat?post=37491"},{"taxonomy":"product_tag","embeddable":true,"href":"https:\/\/www.autosmari.com\/nl\/wp-json\/wp\/v2\/product_tag?post=37491"}],"curies":[{"name":"wp","href":"https:\/\/api.w.org\/{rel}","templated":true}]}}