{"id":37497,"date":"2020-08-31T19:36:25","date_gmt":"2020-08-31T17:36:25","guid":{"rendered":"https:\/\/www.autosmari.com\/?post_type=product&#038;p=37497"},"modified":"2024-04-11T11:25:59","modified_gmt":"2024-04-11T09:25:59","slug":"opel-astra-1-6","status":"publish","type":"product","link":"https:\/\/www.autosmari.com\/nl\/producto\/opel-astra-1-6\/","title":{"rendered":"Opel Astra 1.6"},"content":{"rendered":"<p>Extras:&#8230;.<\/p>\n<p>Si est\u00e1s planeando visitar Ibiza y quieres una opci\u00f3n r\u00e1pida para el alquiler de coches, en Autos Mari encontrar\u00e1s servicio de <a href=\"https:\/\/www.autosmari.com\/\"><strong>alquiler de coches en Ibiza<\/strong><\/a> y <a href=\"https:\/\/www.autosmari.com\/alquiler-coche-ibiza-aeropuerto\/\"><strong>alquiler de coches en el aeropuerto de Ibiza<\/strong><\/a>.<\/p>\n","protected":false},"excerpt":{"rendered":"<p>Extras:&#8230;. Si est\u00e1s planeando visitar Ibiza y quieres una opci\u00f3n r\u00e1pida para el alquiler de coches, en Autos Mari encontrar\u00e1s servicio de alquiler de coches en Ibiza y alquiler de coches en el aeropuerto de Ibiza.<\/p>\n","protected":false},"featured_media":37498,"template":"","meta":[],"product_cat":[223],"product_tag":[],"_links":{"self":[{"href":"https:\/\/www.autosmari.com\/nl\/wp-json\/wp\/v2\/product\/37497"}],"collection":[{"href":"https:\/\/www.autosmari.com\/nl\/wp-json\/wp\/v2\/product"}],"about":[{"href":"https:\/\/www.autosmari.com\/nl\/wp-json\/wp\/v2\/types\/product"}],"wp:featuredmedia":[{"embeddable":true,"href":"https:\/\/www.autosmari.com\/nl\/wp-json\/wp\/v2\/media\/37498"}],"wp:attachment":[{"href":"https:\/\/www.autosmari.com\/nl\/wp-json\/wp\/v2\/media?parent=37497"}],"wp:term":[{"taxonomy":"product_cat","embeddable":true,"href":"https:\/\/www.autosmari.com\/nl\/wp-json\/wp\/v2\/product_cat?post=37497"},{"taxonomy":"product_tag","embeddable":true,"href":"https:\/\/www.autosmari.com\/nl\/wp-json\/wp\/v2\/product_tag?post=37497"}],"curies":[{"name":"wp","href":"https:\/\/api.w.org\/{rel}","templated":true}]}}